{"id":43,"date":"2023-04-03T20:55:55","date_gmt":"2023-04-03T18:55:55","guid":{"rendered":"https:\/\/istitutobuenosaires.esteri.it\/?page_id=43"},"modified":"2025-04-21T22:19:19","modified_gmt":"2025-04-21T20:19:19","slug":"borse-di-studio","status":"publish","type":"page","link":"https:\/\/iicsantiago.esteri.it\/it\/lingua-e-cultura\/borse-di-studio\/","title":{"rendered":"Borse di studio"},"content":{"rendered":"<h3><strong><u>Borse di Studio MAECI<\/u><\/strong><\/h3>\n<div class=\"entry-content\">\n<p><img loading=\"lazy\" decoding=\"async\" class=\"img-fluid alignleft wp-image-3256 size-large\" src=\"https:\/\/iicsantiago.esteri.it\/wp-content\/uploads\/2025\/04\/Borse-MAECI-25-26_iic-1024x825.png\" alt=\"\" width=\"640\" height=\"516\" srcset=\"https:\/\/iicsantiago.esteri.it\/wp-content\/uploads\/2025\/04\/Borse-MAECI-25-26_iic-1024x825.png 1024w, https:\/\/iicsantiago.esteri.it\/wp-content\/uploads\/2025\/04\/Borse-MAECI-25-26_iic-300x242.png 300w, https:\/\/iicsantiago.esteri.it\/wp-content\/uploads\/2025\/04\/Borse-MAECI-25-26_iic-768x619.png 768w, https:\/\/iicsantiago.esteri.it\/wp-content\/uploads\/2025\/04\/Borse-MAECI-25-26_iic.png 1080w\" sizes=\"auto, (max-width: 640px) 100vw, 640px\" \/><\/p>\n<p>Il Ministero degli Affari Esteri e della Cooperazione Internazionale (MAECI) offre <strong>borse di studio in favore di studenti stranieri e italiani residenti all\u2019estero (IRE) per l\u2019Anno Accademico 2025-2026<\/strong>, con l\u2019obiettivo di <strong>favorire la cooperazione<\/strong> in campo culturale, scientifico e tecnologico, la proiezione del sistema economico dell\u2019Italia nel mondo e la diffusione della conoscenza della lingua e cultura italiana (Rif. Legge 288\/55 e successive modifiche e integrazioni).<\/p>\n<p>La borsa di studio copre soltanto la frequenza di corsi sul <strong>territorio italiano<\/strong>.<\/p>\n<p>Le <strong>informazioni<\/strong>, compreso il <strong>bando<\/strong> (in italiano e in inglese), la <strong>lista dei paesi beneficiari<\/strong> (che include il Cile) e le <strong>istruzioni per la presentazione della domanda<\/strong> sono sul portale <a href=\"https:\/\/studyinitaly.esteri.it\/\"><strong>STUDY IN ITALY<\/strong><\/a>.<\/p>\n<p><strong>Le candidature online devono pervenire tassativamente entro le ore 14.00 (ora italiana) del 16 maggio 2025 <\/strong>e possono essere <strong>presentate<\/strong> <strong>esclusivamente<\/strong> <strong>sul portale STUDY in ITALY<\/strong>.<\/p>\n<\/div>\n<h3><\/h3>\n<h3><span style=\"text-decoration: underline;\"><strong>Studiare in una Universit\u00e0 italiana<\/strong><\/span><\/h3>\n<p><img loading=\"lazy\" decoding=\"async\" class=\"size-full wp-image-3275 img-fluid alignleft\" src=\"https:\/\/iicsantiago.esteri.it\/wp-content\/uploads\/2025\/04\/Universitaly_home.jpg.png\" alt=\"\" width=\"914\" height=\"437\" srcset=\"https:\/\/iicsantiago.esteri.it\/wp-content\/uploads\/2025\/04\/Universitaly_home.jpg.png 914w, https:\/\/iicsantiago.esteri.it\/wp-content\/uploads\/2025\/04\/Universitaly_home.jpg-300x143.png 300w, https:\/\/iicsantiago.esteri.it\/wp-content\/uploads\/2025\/04\/Universitaly_home.jpg-768x367.png 768w\" sizes=\"auto, (max-width: 914px) 100vw, 914px\" \/><\/p>\n<p>Stai considerando la possibilit\u00e0 di proseguire i tuoi studi in Italia? Che splendida idea!<strong> Sempre pi\u00f9 studenti stranieri scelgono l\u2019Italia<\/strong> per proseguire i loro studi.<\/p>\n<p>Studiare in Italia apre un mondo di opportunit\u00e0, non solo grazie all&#8217;enorme <strong>patrimonio culturale e paesaggistico<\/strong>, ma anche per il <strong>prestigio e la lunga tradizione<\/strong> delle Universit\u00e0 italiane: nel 2025, con le sue<strong> sette presenze nella top 10<\/strong> del <em>Qs ranking<\/em> per discipline l\u2019Italia \u00e8 seconda in Europa. Ecco perch\u00e9 crediamo che l&#8217;Italia sia una destinazione ideale dal punto di vista della formazione accademica e dello sviluppo personale.<br \/>\nSe desideri studiare in Italia, hai la possibilit\u00e0 di<strong> scegliere tra pi\u00f9 di 150 istituzioni accademiche<\/strong> e almeno 30 di queste universit\u00e0 rientrano tra le 500 migliori al mondo. La loro reputazione fa s\u00ec che la formazione accademica degli studenti sia riconosciuta a livello internazionale.<br \/>\nInoltre, le universit\u00e0 italiane offrono piani di studio, riconoscimenti internazionali e tasse universitarie per lo pi\u00f9 accessibili.<\/p>\n<p><span style=\"text-decoration: underline;\">Per questa ragione, scegliere un\u2019istituzione accademica pu\u00f2 risultare difficile, dato che tutte le alternative sono eccellenti.<\/span><\/p>\n<p>Per selezionare l&#8217;Universit\u00e0 pi\u00f9 adatta alle tue esigenze, <strong>il nostro consiglio<\/strong> \u00e8 di partire con una <strong>visione chiara<\/strong> del corso di studi e del tipo di ambiente (\u00e8 molto diverso studiare in una grande citt\u00e0 che scegliere un ambiente pi\u00f9 intimo e a misura umana).<br \/>\nPuoi farlo con l&#8217;aiuto di <a href=\"https:\/\/www.universitaly.it\/\"><strong>UNIVERSITALY<\/strong><\/a>, un portale del Ministero dell&#8217;Istruzione e della Ricerca italiano, il MIUR, che \u00e8 un vero salvavita informativo per gli studenti stranieri con motori di ricerca e informazioni che aiutano a orientare la scelta dell&#8217;Ateneo in base a luogo, offerta accademica, opportunit\u00e0, borse di studio, costo, lingua e altro.<\/p>\n<p>&nbsp;<\/p>\n","protected":false},"excerpt":{"rendered":"Borse di Studio MAECI Il Ministero degli Affari Esteri e della Cooperazione Internazionale (MAECI) offre borse di studio in favore di studenti stranieri e italiani residenti all\u2019estero (IRE) per l\u2019Anno Accademico 2025-2026, con l\u2019obiettivo di favorire la cooperazione in campo culturale, scientifico e tecnologico, la proiezione del sistema economico dell\u2019Italia nel mondo e la diffusione [&hellip;]","protected":false},"author":1,"featured_media":0,"parent":16,"menu_order":2,"comment_status":"closed","ping_status":"closed","template":"","meta":{"footnotes":""},"class_list":["post-43","page","type-page","status-publish","hentry"],"_links":{"self":[{"href":"https:\/\/iicsantiago.esteri.it\/it\/wp-json\/wp\/v2\/pages\/43","targetHints":{"allow":["GET"]}}],"collection":[{"href":"https:\/\/iicsantiago.esteri.it\/it\/wp-json\/wp\/v2\/pages"}],"about":[{"href":"https:\/\/iicsantiago.esteri.it\/it\/wp-json\/wp\/v2\/types\/page"}],"author":[{"embeddable":true,"href":"https:\/\/iicsantiago.esteri.it\/it\/wp-json\/wp\/v2\/users\/1"}],"replies":[{"embeddable":true,"href":"https:\/\/iicsantiago.esteri.it\/it\/wp-json\/wp\/v2\/comments?post=43"}],"version-history":[{"count":6,"href":"https:\/\/iicsantiago.esteri.it\/it\/wp-json\/wp\/v2\/pages\/43\/revisions"}],"predecessor-version":[{"id":3282,"href":"https:\/\/iicsantiago.esteri.it\/it\/wp-json\/wp\/v2\/pages\/43\/revisions\/3282"}],"up":[{"embeddable":true,"href":"https:\/\/iicsantiago.esteri.it\/it\/wp-json\/wp\/v2\/pages\/16"}],"wp:attachment":[{"href":"https:\/\/iicsantiago.esteri.it\/it\/wp-json\/wp\/v2\/media?parent=43"}],"curies":[{"name":"wp","href":"https:\/\/api.w.org\/{rel}","templated":true}]}}