{"id":3082,"date":"2025-04-07T21:14:01","date_gmt":"2025-04-07T19:14:01","guid":{"rendered":"https:\/\/iicsantiago.esteri.it\/?page_id=3082"},"modified":"2025-04-07T21:19:43","modified_gmt":"2025-04-07T19:19:43","slug":"studi-universitari","status":"publish","type":"page","link":"https:\/\/iicsantiago.esteri.it\/it\/lingua-e-cultura\/studiare-in-italia\/studi-universitari\/","title":{"rendered":"Studi Universitari"},"content":{"rendered":"<p><strong>Stai considerando la possibilit\u00e0 di proseguire i tuoi studi in Italia?<\/strong><\/p>\n<p>Che splendida idea!<strong> Sempre pi\u00f9 studenti stranieri scelgono l\u2019Italia<\/strong> per proseguire i loro studi.<\/p>\n<p><img loading=\"lazy\" decoding=\"async\" class=\"img-fluid aligncenter wp-image-3090 size-full\" src=\"https:\/\/iicsantiago.esteri.it\/wp-content\/uploads\/2025\/04\/Study-In-Italy-2025.png\" alt=\"\" width=\"1099\" height=\"621\" srcset=\"https:\/\/iicsantiago.esteri.it\/wp-content\/uploads\/2025\/04\/Study-In-Italy-2025.png 1099w, https:\/\/iicsantiago.esteri.it\/wp-content\/uploads\/2025\/04\/Study-In-Italy-2025-300x170.png 300w, https:\/\/iicsantiago.esteri.it\/wp-content\/uploads\/2025\/04\/Study-In-Italy-2025-1024x579.png 1024w, https:\/\/iicsantiago.esteri.it\/wp-content\/uploads\/2025\/04\/Study-In-Italy-2025-768x434.png 768w\" sizes=\"auto, (max-width: 1099px) 100vw, 1099px\" \/><\/p>\n<p>&nbsp;<\/p>\n<p>Studiare in Italia apre un mondo di opportunit\u00e0, non solo grazie all\u2019enorme <strong>patrimonio culturale e paesaggistico<\/strong>, ma anche per il <strong>prestigio e la lunga tradizione<\/strong> delle Universit\u00e0 italiane: nel 2025, con le sue<strong> sette presenze nella top 10<\/strong> del <em>Qs ranking<\/em> per discipline l\u2019Italia \u00e8 seconda in Europa. Ecco perch\u00e9 crediamo che l\u2019Italia sia una destinazione ideale dal punto di vista della formazione accademica e dello sviluppo personale.<br \/>\nSe desideri studiare in Italia, hai la possibilit\u00e0 di<strong> scegliere tra pi\u00f9 di 150 istituzioni accademiche<\/strong> e almeno 30 di queste universit\u00e0 rientrano tra le 500 migliori al mondo. La loro reputazione fa s\u00ec che la formazione accademica degli studenti sia riconosciuta a livello internazionale.<br \/>\nInoltre, le universit\u00e0 italiane offrono piani di studio, riconoscimenti internazionali e tasse universitarie per lo pi\u00f9 accessibili.<\/p>\n<p>Per questa ragione, scegliere un\u2019istituzione accademica pu\u00f2 risultare difficile, dato che tutte le alternative sono eccellenti.<\/p>\n<p>Per selezionare l\u2019Universit\u00e0 pi\u00f9 adatta alle tue esigenze, <strong>il nostro consiglio<\/strong> \u00e8 di partire con una <strong>visione chiara<\/strong> del corso di studi e del tipo di ambiente (\u00e8 molto diverso studiare in una grande citt\u00e0 che scegliere un ambiente pi\u00f9 intimo e a misura umana). Ecco alcuni strumenti per te:<\/p>\n<h3>UNIVERSITALY<\/h3>\n<p>Coordinato dal Ministero dell\u2019Istruzione e della Ricerca italiano, il MIUR e dal Ministero degli Esteri e della Cooperazione Internazionale, il MAECI, <strong>UNIVERSITALY<\/strong> \u00e8 un <strong>vero salvavita informativo per gli studenti stranieri: <\/strong>con motori di ricerca e informazioni che aiutano a orientare la scelta dell\u2019Ateneo in base a luogo, offerta accademica, opportunit\u00e0, borse di studio, costo, lingua e altro, rappresenta una vera e propria bussola per muoversi tra le opportunit\u00e0 di studio in Italia. <a href=\"https:\/\/www.universitaly.it\/\">Clicca qui per visitare la pagina UNIVERSITALY<\/a><\/p>\n<h3>UNI-ITALIA<\/h3>\n<p>\u00c8 progetto congiunto dei Ministeri degli Affari Esteri e della Cooperazione Internazionale, dell&#8217;Universit\u00e0 e della Ricerca e dell&#8217;Interno, ha la missione di <strong>promuovere l&#8217;istruzione superiore<\/strong> italiana, <strong>facilitare la mobilit\u00e0 di studenti e ricercatori<\/strong> stranieri verso le universit\u00e0 e gli istituti AFAM italiani, e <strong>favorire la cooperazione accademica<\/strong> tra l&#8217;Italia e altri Paesi.<\/p>\n<p>La Direzione Generale di Uni-Italia si trova al Ministero degli Affari Esteri e della Cooperazione Internazionale; all\u2019estero \u00e8 presente in alcuni Paesi e la sua rete cresce di giorno in giorno<\/p>\n<p>Una piattaforma privilegiata per gli <strong>studenti<\/strong>, che possono esplorare <strong>un&#8217;ampia gamma di opportunit\u00e0<\/strong>, dai corsi di laurea e post-laurea ai corsi specializzati in vari ambiti disciplinari. <a href=\"https:\/\/uni-italia.net\/\">Clicca qui per visitare la pagina UNI-ITALIA<\/a><\/p>\n<p>Tramite i suoi Centri all&#8217;estero, Uni-Italia guida <strong>numerose iniziative<\/strong> volte a promuovere il sistema educativo italiano a livello globale. Uno dei suoi eventi principali \u00e8 rappresentato dagli <strong>Italian Days on Higher Education (IDOHE)<\/strong>, una <strong>fiera annuale<\/strong> organizzata in collaborazione con <strong>Ambasciate italiane, Consolati Generali e Istituti di Cultura Italiana nel mondo<\/strong>. L&#8217;evento facilita <strong>l&#8217;interazione diretta con i rappresentanti delle istituzioni italiane<\/strong>, permettendo agli studenti di raccogliere preziosi spunti per il loro percorso educativo. Inoltre, <strong>IDOHE favorisce lo scambio culturale e la comprensione reciproca<\/strong>, sottolineando l&#8217;universalit\u00e0 dell&#8217;educazione e l&#8217;accoglienza calorosa dell&#8217;Italia nei confronti degli studenti di diverse provenienze.<\/p>\n<p><strong>Rimani sintonizzato sulla nostra pagina per aggiornamenti sugli eventi IDOHE in programma!<\/strong><\/p>\n<p>&nbsp;<\/p>\n<p>&nbsp;<\/p>\n","protected":false},"excerpt":{"rendered":"Stai considerando la possibilit\u00e0 di proseguire i tuoi studi in Italia? Che splendida idea! Sempre pi\u00f9 studenti stranieri scelgono l\u2019Italia per proseguire i loro studi. &nbsp; Studiare in Italia apre un mondo di opportunit\u00e0, non solo grazie all\u2019enorme patrimonio culturale e paesaggistico, ma anche per il prestigio e la lunga tradizione delle Universit\u00e0 italiane: nel [&hellip;]","protected":false},"author":3,"featured_media":3088,"parent":45,"menu_order":0,"comment_status":"closed","ping_status":"closed","template":"","meta":{"footnotes":""},"class_list":["post-3082","page","type-page","status-publish","has-post-thumbnail","hentry"],"_links":{"self":[{"href":"https:\/\/iicsantiago.esteri.it\/it\/wp-json\/wp\/v2\/pages\/3082","targetHints":{"allow":["GET"]}}],"collection":[{"href":"https:\/\/iicsantiago.esteri.it\/it\/wp-json\/wp\/v2\/pages"}],"about":[{"href":"https:\/\/iicsantiago.esteri.it\/it\/wp-json\/wp\/v2\/types\/page"}],"author":[{"embeddable":true,"href":"https:\/\/iicsantiago.esteri.it\/it\/wp-json\/wp\/v2\/users\/3"}],"replies":[{"embeddable":true,"href":"https:\/\/iicsantiago.esteri.it\/it\/wp-json\/wp\/v2\/comments?post=3082"}],"version-history":[{"count":6,"href":"https:\/\/iicsantiago.esteri.it\/it\/wp-json\/wp\/v2\/pages\/3082\/revisions"}],"predecessor-version":[{"id":3110,"href":"https:\/\/iicsantiago.esteri.it\/it\/wp-json\/wp\/v2\/pages\/3082\/revisions\/3110"}],"up":[{"embeddable":true,"href":"https:\/\/iicsantiago.esteri.it\/it\/wp-json\/wp\/v2\/pages\/45"}],"wp:featuredmedia":[{"embeddable":true,"href":"https:\/\/iicsantiago.esteri.it\/it\/wp-json\/wp\/v2\/media\/3088"}],"wp:attachment":[{"href":"https:\/\/iicsantiago.esteri.it\/it\/wp-json\/wp\/v2\/media?parent=3082"}],"curies":[{"name":"wp","href":"https:\/\/api.w.org\/{rel}","templated":true}]}}