{"id":16,"date":"2023-04-03T20:30:34","date_gmt":"2023-04-03T18:30:34","guid":{"rendered":"https:\/\/istitutobuenosaires.esteri.it\/?page_id=16"},"modified":"2023-10-24T15:54:56","modified_gmt":"2023-10-24T13:54:56","slug":"lingua-e-cultura","status":"publish","type":"page","link":"https:\/\/iicsantiago.esteri.it\/it\/lingua-e-cultura\/","title":{"rendered":"Lingua e Cultura"},"content":{"rendered":"<p>L&#8217;<strong>Istituto Italiano di Cultura di Santiago<\/strong>, Ufficio Culturale dell&#8217;Ambasciata d&#8217;Italia in Cile, ha come missione prioritaria la <strong>diffusione della lingua e della cultura italiana<\/strong>.<\/p>\n<p>Rappresentiamo un punto di riferimento per la comunit\u00e0 che mostra curiosit\u00e0, interesse e attaccamento all&#8217;Italia e alle sfumature della sua cultura.<br \/>\nSiamo <strong>promotori di iniziative e attivit\u00e0 di cooperazione culturale e attori della promozione della diplomazia culturale<\/strong> e del Sistema Italia.<br \/>\nForniamo informazioni e supporto logistico a operatori culturali pubblici e privati, italiani e stranieri, <strong>sostenendo e diffondendo iniziative e accordi che favoriscono il dialogo interculturale<\/strong> basato su principi di democrazia e solidariet\u00e0 internazionale.<\/p>\n<p>Insieme all&#8217;Associazione Culturale Italiana, che si occupa della gestione amministrativa, <a href=\"https:\/\/iicsantiago.cl\/\"><strong>organizziamo corsi di italiano online e in presenza per tutti i livelli<\/strong><\/a> in cui i nostri studenti hanno l&#8217;opportunit\u00e0 di imparare l&#8217;italiano in modo efficace, dinamico e divertente grazie al nostro metodo di insegnamento 100% comunicativo e ai <strong>nostri insegnanti madrelingua altamente qualificati<\/strong>; inoltre, studiando con noi, si possono scoprire tutte le sfumature della cultura italiana avvicinandosi al nostro <strong>straordinario patrimonio artistico e creativo<\/strong> grazie a un variegato programma culturale e ad un ambiente unico.<\/p>\n<p>Non c&#8217;\u00e8 posto migliore per imparare l&#8217;italiano che con noi, perch\u00e9 siamo <strong>&#8220;\u00a1Todo Italia en un solo lugar!&#8221;<\/strong><\/p>\n<p><img loading=\"lazy\" decoding=\"async\" class=\"img-fluid aligncenter wp-image-213 size-full\" src=\"https:\/\/iicsantiago.esteri.it\/wp-content\/uploads\/2023\/10\/IIC-Cursos_00.png\" alt=\"\" width=\"1080\" height=\"1080\" srcset=\"https:\/\/iicsantiago.esteri.it\/wp-content\/uploads\/2023\/10\/IIC-Cursos_00.png 1080w, https:\/\/iicsantiago.esteri.it\/wp-content\/uploads\/2023\/10\/IIC-Cursos_00-300x300.png 300w, https:\/\/iicsantiago.esteri.it\/wp-content\/uploads\/2023\/10\/IIC-Cursos_00-1024x1024.png 1024w, https:\/\/iicsantiago.esteri.it\/wp-content\/uploads\/2023\/10\/IIC-Cursos_00-150x150.png 150w, https:\/\/iicsantiago.esteri.it\/wp-content\/uploads\/2023\/10\/IIC-Cursos_00-768x768.png 768w\" sizes=\"auto, (max-width: 1080px) 100vw, 1080px\" \/><\/p>\n<p><span class=\"titoloRosso\">\u00a0<\/span><\/p>\n<p>&nbsp;<\/p>\n","protected":false},"excerpt":{"rendered":"L&#8217;Istituto Italiano di Cultura di Santiago, Ufficio Culturale dell&#8217;Ambasciata d&#8217;Italia in Cile, ha come missione prioritaria la diffusione della lingua e della cultura italiana. Rappresentiamo un punto di riferimento per la comunit\u00e0 che mostra curiosit\u00e0, interesse e attaccamento all&#8217;Italia e alle sfumature della sua cultura. Siamo promotori di iniziative e attivit\u00e0 di cooperazione culturale e [&hellip;]","protected":false},"author":1,"featured_media":0,"parent":0,"menu_order":4,"comment_status":"closed","ping_status":"closed","template":"","meta":{"footnotes":""},"class_list":["post-16","page","type-page","status-publish","hentry"],"_links":{"self":[{"href":"https:\/\/iicsantiago.esteri.it\/it\/wp-json\/wp\/v2\/pages\/16","targetHints":{"allow":["GET"]}}],"collection":[{"href":"https:\/\/iicsantiago.esteri.it\/it\/wp-json\/wp\/v2\/pages"}],"about":[{"href":"https:\/\/iicsantiago.esteri.it\/it\/wp-json\/wp\/v2\/types\/page"}],"author":[{"embeddable":true,"href":"https:\/\/iicsantiago.esteri.it\/it\/wp-json\/wp\/v2\/users\/1"}],"replies":[{"embeddable":true,"href":"https:\/\/iicsantiago.esteri.it\/it\/wp-json\/wp\/v2\/comments?post=16"}],"version-history":[{"count":6,"href":"https:\/\/iicsantiago.esteri.it\/it\/wp-json\/wp\/v2\/pages\/16\/revisions"}],"predecessor-version":[{"id":234,"href":"https:\/\/iicsantiago.esteri.it\/it\/wp-json\/wp\/v2\/pages\/16\/revisions\/234"}],"wp:attachment":[{"href":"https:\/\/iicsantiago.esteri.it\/it\/wp-json\/wp\/v2\/media?parent=16"}],"curies":[{"name":"wp","href":"https:\/\/api.w.org\/{rel}","templated":true}]}}