{"id":92,"date":"2023-04-03T20:57:00","date_gmt":"2023-04-03T18:57:00","guid":{"rendered":"https:\/\/iicsantiago.esteri.it\/lingua-e-cultura\/premi-alla-traduzione\/"},"modified":"2026-02-26T15:47:39","modified_gmt":"2026-02-26T14:47:39","slug":"premi-alla-traduzione","status":"publish","type":"page","link":"https:\/\/iicsantiago.esteri.it\/es\/lingua-e-cultura\/premi-alla-traduzione\/","title":{"rendered":"Premios de traducci\u00f3n"},"content":{"rendered":"<p><strong>PREMIOS Y CONTRIBUCIONES A LA TRADUCCI\u00d3N DE OBRAS LITERARIAS Y CIENT\u00cdFICAS (TAMBI\u00c9N EN FORMA DIGITAL), Y A LA PRODUCCI\u00d3N, DOBLAJE O SUBTITULADO EN LENGUA EXTRANJERA DE CORTOMETRAJES, LARGOMETRAJES Y SERIES DE TELEVISI\u00d3N<\/strong><\/p>\n<p>El <strong>Ministerio de Asuntos Exteriores y de Cooperaci\u00f3n Internacional<\/strong> (MAECI) promueve la difusi\u00f3n de obras editoriales y cinematogr\u00e1ficas italianas en el extranjero mediante la concesi\u00f3n de incentivos a la traducci\u00f3n y al doblaje\/subtitulado, que representan un instrumento estrat\u00e9gico para la promoci\u00f3n de la lengua y la cultura italiana en el extranjero.<\/p>\n<p>Editores, traductores, empresas de producci\u00f3n, doblaje y subtitulado, empresas de distribuci\u00f3n e instituciones culturales e internacionales, establecidas tanto en Italia como en el extranjero,<strong> podr\u00e1n solicitar dos tipos de incentivos:<\/strong><\/p>\n<ul>\n<li><strong>CONTRIBUCIONES<\/strong><\/li>\n<\/ul>\n<ol>\n<li>a) La traducci\u00f3n y publicaci\u00f3n de obras italianas de ficci\u00f3n y no ficci\u00f3n, incluidas aquellas disponibles en formato digital (e-book), cuya publicaci\u00f3n est\u00e9 prevista <strong>no antes del 1 de julio de 2026;<\/strong><\/li>\n<li>b) La producci\u00f3n, el doblaje o el subtitulado de pel\u00edculas, cortometrajes y series de televisi\u00f3n destinadas a la circulaci\u00f3n en los medios de comunicaci\u00f3n de masas, cuyo estreno est\u00e9 previsto <strong>no antes del 1 de julio de 2026<\/strong>.<\/li>\n<\/ol>\n<ul>\n<li><strong>PREMIOS<\/strong><\/li>\n<\/ul>\n<ol>\n<li>a) Libros italianos de ficci\u00f3n y no ficci\u00f3n, tambi\u00e9n en versi\u00f3n digital (e-book), ya traducidos y publicados<strong> no antes del 1 de enero de 2025<\/strong>;<\/li>\n<li>b) Producci\u00f3n, doblaje o subtitulado de pel\u00edculas, cortometrajes y series de televisi\u00f3n destinadas a la circulaci\u00f3n en los medios de comunicaci\u00f3n de masas, ya estrenadas <strong>no antes del 1 de enero de 2025<\/strong>.<\/li>\n<\/ol>\n<p><strong><u>INFORMACIONES y MODALIDAD DE ENV\u00cdO DE LA POSTULACI\u00d3N<\/u><\/strong><\/p>\n<p>La solicitud debe ser enviada por correo electr\u00f3nico a <a href=\"mailto:iicsantiago@esteri.it\">iicsantiago@esteri.it<\/a> <strong>hasta las 23:59 horas del 31\/03\/2026<\/strong>\u00a0utilizando <strong>exclusivamente el formulario, en idioma italiano o espa\u00f1ol y <\/strong>adjuntando los <strong>documentos requeridos.<\/strong><\/p>\n<p>Para descargar la CONVOCATORIA EN ITALIANO <a href=\"https:\/\/iicsantiago.esteri.it\/wp-content\/uploads\/2026\/02\/0182.1-A-Bando-Premi-e-Contributi.pdf\">pincha aqu\u00ed<\/a><\/p>\n<p>Para descargar la CONVOCATORIA EN ESPA\u00d1OL <a href=\"https:\/\/iicsantiago.esteri.it\/wp-content\/uploads\/2026\/02\/0182.3-A-ESP-2026_BANDO.pdf\">pincha aqu\u00ed<\/a><\/p>\n<p>Para el FORMULARIO DE PARTICIPACI\u00d3N en ITALIANO <a href=\"https:\/\/iicsantiago.esteri.it\/wp-content\/uploads\/2025\/03\/Modulo-Domanda_2025_Premi-Traduzione.docx\">pincha aqu\u00ed<\/a><\/p>\n<p>Para el FORMULARIO DE PARTICIPACI\u00d3N en ESPA\u00d1OL <a href=\"https:\/\/iicsantiago.esteri.it\/wp-content\/uploads\/2026\/02\/ES_Modulo-domanda-premi-traduzione.docx\">pincha aqu\u00ed<\/a><\/p>\n<p>Para m\u00e1s informaci\u00f3n sobre el procedimiento y sobre la documentaci\u00f3n que debe adjuntarse a las solicitudes, v\u00e9ase el texto de la convocatoria.<\/p>\n","protected":false},"excerpt":{"rendered":"PREMIOS Y CONTRIBUCIONES A LA TRADUCCI\u00d3N DE OBRAS LITERARIAS Y CIENT\u00cdFICAS (TAMBI\u00c9N EN FORMA DIGITAL), Y A LA PRODUCCI\u00d3N, DOBLAJE O SUBTITULADO EN LENGUA EXTRANJERA DE CORTOMETRAJES, LARGOMETRAJES Y SERIES DE TELEVISI\u00d3N El Ministerio de Asuntos Exteriores y de Cooperaci\u00f3n Internacional (MAECI) promueve la difusi\u00f3n de obras editoriales y cinematogr\u00e1ficas italianas en el extranjero mediante [&hellip;]","protected":false},"author":1,"featured_media":0,"parent":86,"menu_order":12,"comment_status":"closed","ping_status":"closed","template":"","meta":{"footnotes":""},"class_list":["post-92","page","type-page","status-publish","hentry"],"_links":{"self":[{"href":"https:\/\/iicsantiago.esteri.it\/es\/wp-json\/wp\/v2\/pages\/92","targetHints":{"allow":["GET"]}}],"collection":[{"href":"https:\/\/iicsantiago.esteri.it\/es\/wp-json\/wp\/v2\/pages"}],"about":[{"href":"https:\/\/iicsantiago.esteri.it\/es\/wp-json\/wp\/v2\/types\/page"}],"author":[{"embeddable":true,"href":"https:\/\/iicsantiago.esteri.it\/es\/wp-json\/wp\/v2\/users\/1"}],"replies":[{"embeddable":true,"href":"https:\/\/iicsantiago.esteri.it\/es\/wp-json\/wp\/v2\/comments?post=92"}],"version-history":[{"count":6,"href":"https:\/\/iicsantiago.esteri.it\/es\/wp-json\/wp\/v2\/pages\/92\/revisions"}],"predecessor-version":[{"id":5834,"href":"https:\/\/iicsantiago.esteri.it\/es\/wp-json\/wp\/v2\/pages\/92\/revisions\/5834"}],"up":[{"embeddable":true,"href":"https:\/\/iicsantiago.esteri.it\/es\/wp-json\/wp\/v2\/pages\/86"}],"wp:attachment":[{"href":"https:\/\/iicsantiago.esteri.it\/es\/wp-json\/wp\/v2\/media?parent=92"}],"curies":[{"name":"wp","href":"https:\/\/api.w.org\/{rel}","templated":true}]}}