{"id":91,"date":"2023-04-03T20:56:47","date_gmt":"2023-04-03T18:56:47","guid":{"rendered":"https:\/\/iicsantiago.esteri.it\/lingua-e-cultura\/biblioteca\/"},"modified":"2026-04-15T22:30:31","modified_gmt":"2026-04-15T20:30:31","slug":"biblioteca","status":"publish","type":"page","link":"https:\/\/iicsantiago.esteri.it\/es\/lingua-e-cultura\/biblioteca\/","title":{"rendered":"Biblioteca"},"content":{"rendered":"<p>\u00danete a nuestra comunidad de lectoras y lectores, inscribi\u00e9ndote a la <a href=\"https:\/\/iic.infoteca.it\/santiagodelcile\/ricerca\/semplice\">Biblioteca del Instituto Italiano de Cultura Santiago<\/a>.<\/p>\n<p>Puedes inscribirte llenando este formulario:<\/p>\n<p><a href=\"https:\/\/docs.google.com\/forms\/d\/e\/1FAIpQLSe8fCBgIifpIxkNTEWNF6WvFjjxT90E5irsyyNB4aK4Seb7xw\/viewform?fbzx=-5860084085887758562&amp;pli=1\" target=\"_blank\" rel=\"noopener\">https:\/\/docs.google.com\/forms\/d\/e\/1FAIpQLSe8fCBgIifpIxkNTEWNF6WvFjjxT90E5irsyyNB4aK4Seb7xw\/viewform?fbzx=-5860084085887758562&amp;pli=1<\/a><\/p>\n<p>Con tu <strong>cuenta de la Biblioteca<\/strong> puedes acceder a nuestros cat\u00e1logos, solicitar un libro en pr\u00e9stamo, guardar tus b\u00fasquedas y crear listados de tus t\u00edtulos favoritos.<\/p>\n<p>Tendr\u00e1s a tu alcance un cat\u00e1logo de m\u00e1s de 15 mil libros, centenas de pel\u00edculas en DVD y novedades editoriales constantemente actualizadas. <strong>Revisa aqu\u00ed: <\/strong><a href=\"https:\/\/iic.infoteca.it\/santiagodelcile\/ricerca\/novita\">Cat\u00e1logo Biblioteca IIC Santiago<\/a><\/p>\n<p><strong>Si quieres leer un ebook en italiano<\/strong>, revisa nuestro cat\u00e1logo de la biblioteca virtual: <a href=\"https:\/\/iicsantiago.medialibrary.it\/media\/esplora.aspx\">Cat\u00e1logo Biblioteca virtual IIC Santiago<\/a><\/p>\n<p>Si tienes dudas, no sabes qu\u00e9 leer o tienes sugerencias, escr\u00edbenos: <a href=\"mailto:biblioteca.iicsantiago@esteri.it\">iicsantiago.biblioteca@esteri.it<\/a><\/p>\n<p>\u00a1Buona lettura!<\/p>\n","protected":false},"excerpt":{"rendered":"\u00danete a nuestra comunidad de lectoras y lectores, inscribi\u00e9ndote a la Biblioteca del Instituto Italiano de Cultura Santiago. Puedes inscribirte llenando este formulario: https:\/\/docs.google.com\/forms\/d\/e\/1FAIpQLSe8fCBgIifpIxkNTEWNF6WvFjjxT90E5irsyyNB4aK4Seb7xw\/viewform?fbzx=-5860084085887758562&amp;pli=1 Con tu cuenta de la Biblioteca puedes acceder a nuestros cat\u00e1logos, solicitar un libro en pr\u00e9stamo, guardar tus b\u00fasquedas y crear listados de tus t\u00edtulos favoritos. Tendr\u00e1s a tu alcance un [&hellip;]","protected":false},"author":1,"featured_media":0,"parent":86,"menu_order":10,"comment_status":"closed","ping_status":"closed","template":"","meta":{"footnotes":""},"class_list":["post-91","page","type-page","status-publish","hentry"],"_links":{"self":[{"href":"https:\/\/iicsantiago.esteri.it\/es\/wp-json\/wp\/v2\/pages\/91","targetHints":{"allow":["GET"]}}],"collection":[{"href":"https:\/\/iicsantiago.esteri.it\/es\/wp-json\/wp\/v2\/pages"}],"about":[{"href":"https:\/\/iicsantiago.esteri.it\/es\/wp-json\/wp\/v2\/types\/page"}],"author":[{"embeddable":true,"href":"https:\/\/iicsantiago.esteri.it\/es\/wp-json\/wp\/v2\/users\/1"}],"replies":[{"embeddable":true,"href":"https:\/\/iicsantiago.esteri.it\/es\/wp-json\/wp\/v2\/comments?post=91"}],"version-history":[{"count":7,"href":"https:\/\/iicsantiago.esteri.it\/es\/wp-json\/wp\/v2\/pages\/91\/revisions"}],"predecessor-version":[{"id":6310,"href":"https:\/\/iicsantiago.esteri.it\/es\/wp-json\/wp\/v2\/pages\/91\/revisions\/6310"}],"up":[{"embeddable":true,"href":"https:\/\/iicsantiago.esteri.it\/es\/wp-json\/wp\/v2\/pages\/86"}],"wp:attachment":[{"href":"https:\/\/iicsantiago.esteri.it\/es\/wp-json\/wp\/v2\/media?parent=91"}],"curies":[{"name":"wp","href":"https:\/\/api.w.org\/{rel}","templated":true}]}}