{"id":90,"date":"2023-04-03T20:56:23","date_gmt":"2023-04-03T18:56:23","guid":{"rendered":"https:\/\/iicsantiago.esteri.it\/lingua-e-cultura\/studiare-in-italia\/"},"modified":"2026-03-31T21:21:00","modified_gmt":"2026-03-31T19:21:00","slug":"studiare-in-italia","status":"publish","type":"page","link":"https:\/\/iicsantiago.esteri.it\/es\/lingua-e-cultura\/studiare-in-italia\/","title":{"rendered":"Estudiar en Italia"},"content":{"rendered":"<p>El Instituto Italiano de Cultura Santiago pone a disposici\u00f3n <strong>de los y las estudiantes inscritos a los cursos de lengua del Instituto <\/strong>\u2013 <strong>que hayan pagado la matr\u00edcula y que se encuentren asistiendo a clases<\/strong>\u00a0\u2013 becas de estudio en Italia para enriquecer y completar el aprendizaje del idioma.<\/p>\n<p><img loading=\"lazy\" decoding=\"async\" class=\"img-fluid aligncenter wp-image-247 size-full\" src=\"https:\/\/iicsantiago.esteri.it\/wp-content\/uploads\/2023\/10\/rome-coliseum-image.jpg\" alt=\"\" width=\"822\" height=\"584\" srcset=\"https:\/\/iicsantiago.esteri.it\/wp-content\/uploads\/2023\/10\/rome-coliseum-image.jpg 822w, https:\/\/iicsantiago.esteri.it\/wp-content\/uploads\/2023\/10\/rome-coliseum-image-300x213.jpg 300w, https:\/\/iicsantiago.esteri.it\/wp-content\/uploads\/2023\/10\/rome-coliseum-image-768x546.jpg 768w\" sizes=\"auto, (max-width: 822px) 100vw, 822px\" \/><\/p>\n<p><strong><u>Condiciones generales:<\/u><\/strong><\/p>\n<p>Las becas est\u00e1n reservadas exclusivamente a alumnas y alumnos del Instituto; consisten en un descuento seg\u00fan porcentaje, tipolog\u00eda de curso y duraci\u00f3n indicados en el listado m\u00e1s<strong> abajo y por lo general referido al costo del curso en escuelas, academias y centros que ense\u00f1an el italiano para los extranjeros en Italia.<\/strong><\/p>\n<p>El Instituto se encargar\u00e1 de poner en contacto l\u0259s alumn\u0259s interesad\u0259s con la escuela italiana de su elecci\u00f3n (ver listado <a href=\"https:\/\/iicsantiago.esteri.it\/wp-content\/uploads\/2026\/03\/2026_becas_estudiantes.pdf\">IIC &#8211; Borse di studio 2026<\/a>), luego l\u0259s alumn\u0259s deber\u00e1n consultar directamente con la escuela la informaci\u00f3n necesaria sobre cursos disponibles y requisitos de participaci\u00f3n, as\u00ed como todo tipo de tr\u00e1mite necesario para la finalizaci\u00f3n de la matriculaci\u00f3n (application form, inscripci\u00f3n formal, eventual pago de matr\u00edcula, fecha del inicio, etc.)<\/p>\n<p>El Instituto Italiano de Cultura Santiago queda exento de cualquier responsabilidad una vez realizado dicho primer contacto.<\/p>\n<p><strong><u>Gastos de viaje y alojamiento:<\/u><\/strong><\/p>\n<p>Los gastos de viaje y de estad\u00eda correr\u00e1n a cargo de l\u0259s becari\u0259s.<\/p>\n<p><strong>IMPORTANTE:<\/strong><\/p>\n<ul>\n<li>&#8211; El Instituto queda exento de cualquier responsabilidad con respecto al viaje y al alojamiento. <strong>ES DECIR QUE NO SE HAR\u00c1 CARGO DE NING\u00daN GASTO RELATIVO A VIAJE Y ESTAD\u00cdA<\/strong>.<\/li>\n<li>&#8211; El Instituto Italiano de Cultura Santiago no tiene ninguna responsabilidad con respecto a la calidad de los cursos y de los servicios ofrecidos por parte de las escuelas donde se consiga la beca.<\/li>\n<\/ul>\n<p>Para dudas, consultas e informaciones adicionales, contactar la Oficina Cursos: <a href=\"mailto:cursos@italiachile.cl\">cursos@italiachile.cl<\/a><\/p>\n","protected":false},"excerpt":{"rendered":"El Instituto Italiano de Cultura Santiago pone a disposici\u00f3n de los y las estudiantes inscritos a los cursos de lengua del Instituto \u2013 que hayan pagado la matr\u00edcula y que se encuentren asistiendo a clases\u00a0\u2013 becas de estudio en Italia para enriquecer y completar el aprendizaje del idioma. Condiciones generales: Las becas est\u00e1n reservadas exclusivamente [&hellip;]","protected":false},"author":1,"featured_media":0,"parent":86,"menu_order":8,"comment_status":"closed","ping_status":"closed","template":"","meta":{"footnotes":""},"class_list":["post-90","page","type-page","status-publish","hentry"],"_links":{"self":[{"href":"https:\/\/iicsantiago.esteri.it\/es\/wp-json\/wp\/v2\/pages\/90","targetHints":{"allow":["GET"]}}],"collection":[{"href":"https:\/\/iicsantiago.esteri.it\/es\/wp-json\/wp\/v2\/pages"}],"about":[{"href":"https:\/\/iicsantiago.esteri.it\/es\/wp-json\/wp\/v2\/types\/page"}],"author":[{"embeddable":true,"href":"https:\/\/iicsantiago.esteri.it\/es\/wp-json\/wp\/v2\/users\/1"}],"replies":[{"embeddable":true,"href":"https:\/\/iicsantiago.esteri.it\/es\/wp-json\/wp\/v2\/comments?post=90"}],"version-history":[{"count":5,"href":"https:\/\/iicsantiago.esteri.it\/es\/wp-json\/wp\/v2\/pages\/90\/revisions"}],"predecessor-version":[{"id":6098,"href":"https:\/\/iicsantiago.esteri.it\/es\/wp-json\/wp\/v2\/pages\/90\/revisions\/6098"}],"up":[{"embeddable":true,"href":"https:\/\/iicsantiago.esteri.it\/es\/wp-json\/wp\/v2\/pages\/86"}],"wp:attachment":[{"href":"https:\/\/iicsantiago.esteri.it\/es\/wp-json\/wp\/v2\/media?parent=90"}],"curies":[{"name":"wp","href":"https:\/\/api.w.org\/{rel}","templated":true}]}}