{"id":89,"date":"2023-07-22T20:56:11","date_gmt":"2023-07-22T18:56:11","guid":{"rendered":"https:\/\/iicsantiago.esteri.it\/lingua-e-cultura\/certificazioni\/"},"modified":"2026-03-04T15:18:37","modified_gmt":"2026-03-04T14:18:37","slug":"certificazioni","status":"publish","type":"page","link":"https:\/\/iicsantiago.esteri.it\/es\/lingua-e-cultura\/certificazioni\/","title":{"rendered":"Certificaciones"},"content":{"rendered":"<p><a href=\"https:\/\/cils.unistrasi.it\/home.asp\">El CILS (Certificado de Italiano como Lengua Extranjera)<\/a> es un t\u00edtulo otorgado por la Universidad para Extranjeros de Siena que certifica el grado de competencia ling\u00fc\u00edstico-comunicativa en italiano como L2.<\/p>\n<p><img loading=\"lazy\" decoding=\"async\" class=\"img-fluid aligncenter wp-image-240 size-full\" src=\"https:\/\/iicsantiago.esteri.it\/wp-content\/uploads\/2023\/10\/descarga.png\" alt=\"\" width=\"320\" height=\"157\" srcset=\"https:\/\/iicsantiago.esteri.it\/wp-content\/uploads\/2023\/10\/descarga.png 320w, https:\/\/iicsantiago.esteri.it\/wp-content\/uploads\/2023\/10\/descarga-300x147.png 300w\" sizes=\"auto, (max-width: 320px) 100vw, 320px\" \/><\/p>\n<p><strong>\u00bfPara qu\u00e9 sirve el CILS?<\/strong><\/p>\n<p>El CILS sirve a quienes estudian italiano, a quienes trabajan y estudian en contacto con la realidad italiana, a quienes quieren medir su competencia en italiano, para matricularse en universidades italianas y a quienes se les exige un cierto nivel de competencia en italiano formalmente atestado. El Ministerio de Universidad e Investigaci\u00f3n reconoce el CILS como certificado para la admisi\u00f3n de estudiantes extranjeros no comunitarios en las universidades italianas: la posesi\u00f3n del nivel dos &#8211; B2 del CILS exime a los estudiantes no comunitarios de la prueba de lengua italiana. Por lo que respecta a la autonom\u00eda universitaria, el CILS sigue constituyendo una puntuaci\u00f3n en la clasificaci\u00f3n resultante de los ex\u00e1menes de admisi\u00f3n en las distintas universidades. Muchas empresas y compa\u00f1\u00edas italianas y extranjeras reconocen los certificados CILS como requisito para las relaciones laborales.<\/p>\n<p><strong>\u00bfC\u00f3mo est\u00e1 estructurado el CILS?<\/strong><\/p>\n<p>El sistema de certificaci\u00f3n CILS incluye los seis niveles de competencia ling\u00fc\u00edstico-comunicativa identificados en el Marco Com\u00fan Europeo de Referencia (MCER) del Consejo de Europa. Cada nivel del CILS es aut\u00f3nomo y completo, los niveles identifican una competencia linguistico-comunicativa progresivamente m\u00e1s elevada.<\/p>\n<p><strong>\u00bfQu\u00e9 son las pruebas CILS?<\/strong><\/p>\n<p>Hay cinco pruebas de destreza CILS: comprensi\u00f3n auditiva, comprensi\u00f3n lectora, producci\u00f3n escrita, producci\u00f3n oral, an\u00e1lisis de las estructuras de la comunicaci\u00f3n en italiano. La escala de calificaciones prev\u00e9: para los niveles UNO-B1 a QUATTRO-C2 una puntuaci\u00f3n m\u00e1xima de 100 puntos dividida en cinco partes de 20 puntos cada una (para cada destreza el nivel de suficiencia se alcanza con 11 puntos). Los niveles A1 y A2 tienen una puntuaci\u00f3n m\u00e1xima de 60 puntos divididos en cinco partes de 12 puntos cada una (para cada destreza el nivel de suficiencia se alcanza con 7 puntos).<\/p>\n<p><strong>\u00bfC\u00f3mo se obtiene el certificado final?<\/strong><\/p>\n<p>Para obtener el certificado hay que alcanzar el nivel de suficiencia en cada destreza. El certificado final es enviado por la Universidad para Extranjeros de Siena al lugar acordado en el que realizaste el examen. A los candidatos que no alcanzan el nivel de suficiencia en todas las competencias, sino s\u00f3lo en algunas, y que, en consecuencia, no obtienen el certificado, la Universidad expide un certificado de capitalizaci\u00f3n. La nota obtenida en las competencias superadas sigue siendo v\u00e1lida durante 18 meses a partir del inicio del examen. No obstante, es necesario presentar una nueva solicitud y abonar la tasa de inscripci\u00f3n \u00fanicamente para las destrezas que se vayan a repetir.<\/p>\n<p>&nbsp;<\/p>\n<h3><strong><u>EXAMEN CILS\u00a0<\/u><\/strong><\/h3>\n<p><strong>SESIONES 2026:<\/strong> 16 Junio<\/p>\n<p><b>NIVELES: <\/b>A2, B1, B2, C1, C2<\/p>\n<p class=\"p1\"><b>LUGAR<\/b>:\u00a0Instituto Italiano de Cultura de Santiago de Chile, Triana 843 \u2013 Providencia<\/p>\n<p><strong>INFO:<\/strong> <strong><span class=\"s1\"><a href=\"mailto:iicsantiago.istruzione@esteri.it\">iicsantiago.istruzione@esteri.it <\/a><\/span>\u00a0<\/strong><\/p>\n<p>&nbsp;<\/p>\n<p><span style=\"text-decoration: underline;\"><strong>LAS INSCRIPCIONES PARA LA SESI\u00d3N DEL 16\/06\/2026 ABRIR\u00c1N EL 16 DE MARZO 2026 Y CERRAR\u00c1N EL 17 DE ABRIL 2026<\/strong><\/span><\/p>\n<p>El examen CILS se realizar\u00e1 en el Instituto Italiano de Cultura de Santiago (Triana 843 &#8211; Providencia) <strong>el d\u00eda 16 de junio de 2026, a partir de las 08:45 hrs.<\/strong>, para los siguientes niveles:<\/p>\n<p>A2 &#8211; UNO B1 &#8211; DUE B2 &#8211; TRE C1 &#8211; QUATTRO C2<\/p>\n<p>&nbsp;<\/p>\n<p><span style=\"text-decoration: underline;\"><strong>C\u00d3MO INSCRIBIRSE<\/strong><\/span><\/p>\n<p>Fecha inicio de inscripci\u00f3n: <strong>16\/03\/2026<\/strong><\/p>\n<p>Fecha l\u00edmite de inscripci\u00f3n: <strong>17\/04\/2026<\/strong><\/p>\n<p>Los interesados deber\u00e1n enviar, hasta el 17\/04\/2026 y EXCLUSIVAMENTE al correo electr\u00f3nico <a href=\"mailto:iicsantiago.istruzione@esteri.it\"><strong>iicsantiago.istruzione@esteri.it<\/strong><\/a>, la siguiente documentaci\u00f3n:<\/p>\n<ul>\n<li>Formulario de inscripci\u00f3n completamente llenado en letras may\u00fasculas y firmado (<a href=\"https:\/\/iicsantiago.esteri.it\/wp-content\/uploads\/2025\/03\/Proposta-Adesione-CILS-Adulti_2025.pdf\">DESCARGAR AQU\u00cd<\/a>).<\/li>\n<li>Copia por ambos lados de un documento de identidad con fotograf\u00eda.<\/li>\n<li>Comprobante de pago de la tasa del examen mediante transferencia bancaria.<\/li>\n<\/ul>\n<p>Los documentos deben enviarse en formato <strong>PDF o JPG<\/strong> y no pueden superar un tama\u00f1o total de 5 MB.<\/p>\n<p>Es posible inscribirse solo para un nivel CILS. No se aceptar\u00e1n inscripciones para m\u00e1s de un nivel.<\/p>\n<p><strong>La fecha l\u00edmite para enviar la documentaci\u00f3n requerida es el 17\/04\/2026. Las solicitudes recibidas despu\u00e9s de esta fecha no ser\u00e1n consideradas.<\/strong><\/p>\n<p>&nbsp;<\/p>\n<p><span style=\"text-decoration: underline;\"><strong>VALORES Y PAGO<\/strong><\/span><\/p>\n<table width=\"775\">\n<tbody>\n<tr>\n<td width=\"170\">&nbsp;<\/p>\n<p>ESAME<\/td>\n<td width=\"85\">&nbsp;<\/p>\n<p>Quota<\/p>\n<p>Esame<\/td>\n<td width=\"150\">&nbsp;<\/p>\n<p>Spese Amministrative in \u20ac<\/td>\n<td width=\"77\">&nbsp;<\/p>\n<p>&nbsp;<\/p>\n<p>Totale<\/p>\n<p>in \u20ac<\/td>\n<td width=\"93\">&nbsp;<\/p>\n<p>&nbsp;<\/p>\n<p>Totale in $<\/td>\n<td width=\"87\">&nbsp;<\/p>\n<p>Quota<\/p>\n<p>per ogni<\/p>\n<p>abilit\u00e0<\/p>\n<p>CILS da<\/p>\n<p>ripetere<\/p>\n<p>in \u20ac<\/p>\n<p>&nbsp;<\/td>\n<td width=\"113\">&nbsp;<\/p>\n<p>Quota<\/p>\n<p>per ogni<\/p>\n<p>abilit\u00e0<\/p>\n<p>CILS da<\/p>\n<p>ripetere<\/p>\n<p>in $<\/p>\n<p>&nbsp;<\/td>\n<\/tr>\n<tr>\n<td width=\"170\">LIVELLO A2<\/td>\n<td width=\"85\">\u20ac 40,00<\/td>\n<td width=\"150\">\u20ac\u00a0 15,00<\/td>\n<td width=\"77\">\u20ac\u00a0 55,00<\/td>\n<td width=\"93\">$ 56.400<\/td>\n<td width=\"87\">\u20ac 13,00<\/td>\n<td width=\"113\">$ 13.350<\/td>\n<\/tr>\n<tr>\n<td width=\"170\">LIVELLO\u00a0 UNO-B1<\/td>\n<td width=\"85\">\u20ac 60,00<\/td>\n<td width=\"150\">\u20ac\u00a0 15,00<\/td>\n<td width=\"77\">\u20ac\u00a0 75,00<\/td>\n<td width=\"93\">$ 77.000<\/td>\n<td width=\"87\">\u20ac\u00a0 20,00<\/td>\n<td width=\"113\">$ 20.500<\/td>\n<\/tr>\n<tr>\n<td width=\"170\">LIVELLO DUE-B2<\/td>\n<td width=\"85\">\u20ac 70,00<\/td>\n<td width=\"150\">\u20ac\u00a0 15,00<\/td>\n<td width=\"77\">\u20ac\u00a0\u00a0 85,00<\/td>\n<td width=\"93\">$ 87.300<\/td>\n<td width=\"87\">\u20ac 23,00<\/td>\n<td width=\"113\">$ 23.600<\/td>\n<\/tr>\n<tr>\n<td width=\"170\">LIVELLO TRE-C1<\/td>\n<td width=\"85\">\u00a0\u20ac 80,00<\/td>\n<td width=\"150\">\u20ac\u00a0 15,00<\/td>\n<td width=\"77\">\u20ac\u00a0 \u00a095,00<\/td>\n<td width=\"93\">$ 97.500<\/td>\n<td width=\"87\">\u20ac 25,00<\/td>\n<td width=\"113\">$ 25.650<\/td>\n<\/tr>\n<tr>\n<td width=\"170\">LIVELLO QUATTRO-C2<\/td>\n<td width=\"85\">\u20ac 90,00<\/td>\n<td width=\"150\">\u20ac\u00a0 15,00<\/td>\n<td width=\"77\">\u20ac 105,00<\/td>\n<td width=\"93\">$ 107.800<\/td>\n<td width=\"87\">\u20ac 28,00<\/td>\n<td width=\"113\">$ 28.750<\/td>\n<\/tr>\n<\/tbody>\n<\/table>\n<p class=\"tw-data-text tw-text-large tw-ta\" dir=\"ltr\" tabindex=\"-1\" role=\"text\" data-placeholder=\"Traduzione\" aria-label=\"Testo tradotto: Tipo de cambio oficial de Euro (EUR) a Pesos Chilenos (CLP) del Banco\" data-ved=\"2ahUKEwjQrpqbt4aTAxUolZUCHaspIaUQ3ewLegQIBBAV\"><span class=\"Y2IQFc\" lang=\"es\">Nota: Tipo de cambio oficial de Euro (EUR) a Pesos Chilenos (CLP) del Banco <\/span><span class=\"Y2IQFc\" lang=\"es\">de Italia correspondiente al 03.03.2026 = 1.027,08 \u20ac<\/span><\/p>\n<p>El pago de la tasa de examen debe realizarse mediante <strong>transferencia bancaria<\/strong> a la cuenta corriente del IIC Santiago (Embajada de Italia-Oficina Cultural):<\/p>\n<ul>\n<li><strong>Nombre:<\/strong> Embajada de Italia \u2013 Oficina Cultural<\/li>\n<li><strong>RUT:<\/strong> 69.903.500-9<\/li>\n<li><strong>Banco:<\/strong> Santander Santiago<\/li>\n<li><strong>C\/C:<\/strong> 152132-2<\/li>\n<li><strong>Correo electr\u00f3nico:<\/strong> iicsantiago.istruzione@esteri.it<\/li>\n<\/ul>\n<p>En el <strong>motivo de la transferencia<\/strong>, debe incluir: \u00abnombre y apellido del candidato \u2013 Examen CILS nivel \u2026\u00bb (Ejemplo: Pablo Hern\u00e1ndez &#8211; Examen CILS, nivel B1).<\/p>\n<p>La inscripci\u00f3n del candidato ser\u00e1 v\u00e1lida \u00fanicamente despu\u00e9s de que se confirme el ingreso del pago en la cuenta corriente del IIC Santiago.\u00a0Despu\u00e9s de realizar el pago, el candidato deber\u00e1 enviar el comprobante junto con los documentos indicados anteriormente.<\/p>\n<p>El IIC Santiago, tras verificar que la documentaci\u00f3n est\u00e1 completa, enviar\u00e1 un correo electr\u00f3nico de confirmaci\u00f3n al interesado.<\/p>\n<p>Los candidatos que ya hayan presentado el examen CILS y NO hayan aprobado todas las habilidades, tienen un plazo de 18 meses desde la fecha del examen para recuperarlas (capitalizaci\u00f3n).<\/p>\n<p><span style=\"text-decoration: underline;\"><strong>PREPARACI\u00d3N PARA EL EXAMEN<\/strong><\/span><\/p>\n<p>Para verificar el conocimiento del idioma italiano, est\u00e1n disponibles simulaciones del examen en la p\u00e1gina de la Universidad para Extranjeros de Siena (<a href=\"https:\/\/cils.unistrasi.it\/89\/188\/Esempi_di_prove_di_esami.htm\">haz clic aqu\u00ed<\/a>).<\/p>\n<p>&nbsp;<\/p>\n<p><span style=\"text-decoration: underline;\"><strong>INFORMACI\u00d3N:<\/strong><\/span><a href=\"mailto:iicsantiago.istruzione@esteri.it\"> iicsantiago.istruzione@esteri.it<\/a><\/p>\n<p>&nbsp;<\/p>\n","protected":false},"excerpt":{"rendered":"El CILS (Certificado de Italiano como Lengua Extranjera) es un t\u00edtulo otorgado por la Universidad para Extranjeros de Siena que certifica el grado de competencia ling\u00fc\u00edstico-comunicativa en italiano como L2. \u00bfPara qu\u00e9 sirve el CILS? El CILS sirve a quienes estudian italiano, a quienes trabajan y estudian en contacto con la realidad italiana, a quienes [&hellip;]","protected":false},"author":1,"featured_media":0,"parent":86,"menu_order":4,"comment_status":"closed","ping_status":"closed","template":"","meta":{"footnotes":""},"class_list":["post-89","page","type-page","status-publish","hentry"],"_links":{"self":[{"href":"https:\/\/iicsantiago.esteri.it\/es\/wp-json\/wp\/v2\/pages\/89","targetHints":{"allow":["GET"]}}],"collection":[{"href":"https:\/\/iicsantiago.esteri.it\/es\/wp-json\/wp\/v2\/pages"}],"about":[{"href":"https:\/\/iicsantiago.esteri.it\/es\/wp-json\/wp\/v2\/types\/page"}],"author":[{"embeddable":true,"href":"https:\/\/iicsantiago.esteri.it\/es\/wp-json\/wp\/v2\/users\/1"}],"replies":[{"embeddable":true,"href":"https:\/\/iicsantiago.esteri.it\/es\/wp-json\/wp\/v2\/comments?post=89"}],"version-history":[{"count":8,"href":"https:\/\/iicsantiago.esteri.it\/es\/wp-json\/wp\/v2\/pages\/89\/revisions"}],"predecessor-version":[{"id":5885,"href":"https:\/\/iicsantiago.esteri.it\/es\/wp-json\/wp\/v2\/pages\/89\/revisions\/5885"}],"up":[{"embeddable":true,"href":"https:\/\/iicsantiago.esteri.it\/es\/wp-json\/wp\/v2\/pages\/86"}],"wp:attachment":[{"href":"https:\/\/iicsantiago.esteri.it\/es\/wp-json\/wp\/v2\/media?parent=89"}],"curies":[{"name":"wp","href":"https:\/\/api.w.org\/{rel}","templated":true}]}}