{"id":88,"date":"2023-04-03T20:55:55","date_gmt":"2023-04-03T18:55:55","guid":{"rendered":"https:\/\/iicsantiago.esteri.it\/lingua-e-cultura\/borse-di-studio\/"},"modified":"2025-04-21T22:16:44","modified_gmt":"2025-04-21T20:16:44","slug":"borse-di-studio","status":"publish","type":"page","link":"https:\/\/iicsantiago.esteri.it\/es\/lingua-e-cultura\/borse-di-studio\/","title":{"rendered":"Becas"},"content":{"rendered":"<p>&nbsp;<\/p>\n<h3><span style=\"text-decoration: underline;\"><strong>Becas de Estudio MAECI<\/strong><\/span><\/h3>\n<p><img loading=\"lazy\" decoding=\"async\" class=\"img-fluid alignleft wp-image-3256 size-large\" src=\"https:\/\/iicsantiago.esteri.it\/wp-content\/uploads\/2025\/04\/Borse-MAECI-25-26_iic-1024x825.png\" alt=\"\" width=\"640\" height=\"516\" srcset=\"https:\/\/iicsantiago.esteri.it\/wp-content\/uploads\/2025\/04\/Borse-MAECI-25-26_iic-1024x825.png 1024w, https:\/\/iicsantiago.esteri.it\/wp-content\/uploads\/2025\/04\/Borse-MAECI-25-26_iic-300x242.png 300w, https:\/\/iicsantiago.esteri.it\/wp-content\/uploads\/2025\/04\/Borse-MAECI-25-26_iic-768x619.png 768w, https:\/\/iicsantiago.esteri.it\/wp-content\/uploads\/2025\/04\/Borse-MAECI-25-26_iic.png 1080w\" sizes=\"auto, (max-width: 640px) 100vw, 640px\" \/><\/p>\n<p>El Ministerio de Asuntos Exteriores y Cooperaci\u00f3n Internacional (MAECI) ofrece <strong>becas para estudiantes extranjeros e italianos residentes en el extranjero (IRE)<\/strong> para el A\u00f1o Acad\u00e9mico <strong>2025-2026<\/strong>, con el objetivo de fomentar la cooperaci\u00f3n en el \u00e1mbito cultural, cient\u00edfico y tecnol\u00f3gico, la proyecci\u00f3n del sistema econ\u00f3mico italiano en el mundo y la difusi\u00f3n del conocimiento de la lengua y la cultura italianas (Ref. Ley 288\/55 y sucesivas modificaciones y complementos).<\/p>\n<p>La subvenci\u00f3n s\u00f3lo cubre la asistencia a<strong> cursos en territorio italiano<\/strong>.<\/p>\n<p>Las <strong>informaciones<\/strong>, incluyendo la <strong>convocatoria<\/strong> (en italiano e ingl\u00e9s), el listado de los <strong>pa\u00edses beneficiarios<\/strong> (incluyendo a Chile) y las <strong>instrucciones para postular<\/strong> a las becas est\u00e1n en el portal <a href=\"https:\/\/studyinitaly.esteri.it\/ListaBandi\"><strong>STUDY IN ITALY<\/strong><\/a>.<\/p>\n<p><strong>Las postulaciones online deber\u00e1n ser cargadas en el portal STUDY IN ITALY a m\u00e1s tardar a las 14:00 horas (hora italiana) del 16 de mayo de 2025<\/strong><\/p>\n<p>&nbsp;<\/p>\n<p>&nbsp;<\/p>\n<h3><span style=\"text-decoration: underline;\">Estudiar en una Universidad Italiana<\/span><\/h3>\n<p><img loading=\"lazy\" decoding=\"async\" class=\"size-full wp-image-3275 img-fluid alignleft\" src=\"https:\/\/iicsantiago.esteri.it\/wp-content\/uploads\/2025\/04\/Universitaly_home.jpg.png\" alt=\"\" width=\"914\" height=\"437\" srcset=\"https:\/\/iicsantiago.esteri.it\/wp-content\/uploads\/2025\/04\/Universitaly_home.jpg.png 914w, https:\/\/iicsantiago.esteri.it\/wp-content\/uploads\/2025\/04\/Universitaly_home.jpg-300x143.png 300w, https:\/\/iicsantiago.esteri.it\/wp-content\/uploads\/2025\/04\/Universitaly_home.jpg-768x367.png 768w\" sizes=\"auto, (max-width: 914px) 100vw, 914px\" \/><\/p>\n<p>\u00bfEst\u00e1s considerando la posibilidad de continuar tus estudios en Italia? \u00a1Qu\u00e9 gran idea! <strong>Cada vez m\u00e1s estudiantes extranjeros eligen Italia para proseguir sus estudios<\/strong>.<\/p>\n<p>Estudiar en Italia abre un mundo de oportunidades, no solo gracias a su enorme <strong>patrimonio cultural y paisaj\u00edstico<\/strong>, sino tambi\u00e9n por el <strong>prestigio y la larga tradici\u00f3n<\/strong> de las universidades italianas: en 2025, <strong>con siete universidades entre las 10 mejores<\/strong> en el ranking QS por disciplinas, Italia ocupa el segundo lugar en Europa. Por eso creemos que Italia es un destino ideal desde el punto de vista de la formaci\u00f3n acad\u00e9mica y el desarrollo personal.<\/p>\n<p>Si deseas estudiar en Italia, tienes la posibilidad de <strong>elegir entre m\u00e1s de 150 instituciones acad\u00e9micas,<\/strong> y al menos 30 de estas universidades est\u00e1n entre las 500 mejores del mundo. Su reputaci\u00f3n garantiza que la formaci\u00f3n acad\u00e9mica de los estudiantes sea reconocida internacionalmente.<\/p>\n<p>Adem\u00e1s, las universidades italianas ofrecen planes de estudio, reconocimientos internacionales y matr\u00edculas por la mayor\u00eda accesibles.<\/p>\n<p><span style=\"text-decoration: underline;\">Por esta raz\u00f3n, elegir una instituci\u00f3n acad\u00e9mica puede resultar dif\u00edcil, ya que todas las opciones son excelentes.<\/span><\/p>\n<p>Para seleccionar la universidad m\u00e1s adecuada para tus necesidades, te <strong>aconsejamos comenzar con una visi\u00f3n clara<\/strong> de la carrera que deseas estudiar y del tipo de ambiente (es muy diferente estudiar en una gran ciudad que optar por un entorno m\u00e1s peque\u00f1o y acogedor).<\/p>\n<p>Puedes hacerlo con la ayuda de <a href=\"https:\/\/www.universitaly.it\/\"><strong>UNIVERSITALY<\/strong><\/a>, un portal del Ministerio de Educaci\u00f3n y de Investigaci\u00f3n italiano (MIUR), que es un verdadero salvavidas informativo para estudiantes extranjeros. Este ofrece motores de b\u00fasqueda e informaci\u00f3n que facilitan la elecci\u00f3n de la universidad seg\u00fan su ubicaci\u00f3n, oferta acad\u00e9mica, oportunidades, becas, costos, idioma, entre otros.<\/p>\n<p>&nbsp;<\/p>\n<p>&nbsp;<\/p>\n<p>&nbsp;<\/p>\n","protected":false},"excerpt":{"rendered":"&nbsp; Becas de Estudio MAECI El Ministerio de Asuntos Exteriores y Cooperaci\u00f3n Internacional (MAECI) ofrece becas para estudiantes extranjeros e italianos residentes en el extranjero (IRE) para el A\u00f1o Acad\u00e9mico 2025-2026, con el objetivo de fomentar la cooperaci\u00f3n en el \u00e1mbito cultural, cient\u00edfico y tecnol\u00f3gico, la proyecci\u00f3n del sistema econ\u00f3mico italiano en el mundo y [&hellip;]","protected":false},"author":1,"featured_media":0,"parent":86,"menu_order":2,"comment_status":"closed","ping_status":"closed","template":"","meta":{"footnotes":""},"class_list":["post-88","page","type-page","status-publish","hentry"],"_links":{"self":[{"href":"https:\/\/iicsantiago.esteri.it\/es\/wp-json\/wp\/v2\/pages\/88","targetHints":{"allow":["GET"]}}],"collection":[{"href":"https:\/\/iicsantiago.esteri.it\/es\/wp-json\/wp\/v2\/pages"}],"about":[{"href":"https:\/\/iicsantiago.esteri.it\/es\/wp-json\/wp\/v2\/types\/page"}],"author":[{"embeddable":true,"href":"https:\/\/iicsantiago.esteri.it\/es\/wp-json\/wp\/v2\/users\/1"}],"replies":[{"embeddable":true,"href":"https:\/\/iicsantiago.esteri.it\/es\/wp-json\/wp\/v2\/comments?post=88"}],"version-history":[{"count":6,"href":"https:\/\/iicsantiago.esteri.it\/es\/wp-json\/wp\/v2\/pages\/88\/revisions"}],"predecessor-version":[{"id":3278,"href":"https:\/\/iicsantiago.esteri.it\/es\/wp-json\/wp\/v2\/pages\/88\/revisions\/3278"}],"up":[{"embeddable":true,"href":"https:\/\/iicsantiago.esteri.it\/es\/wp-json\/wp\/v2\/pages\/86"}],"wp:attachment":[{"href":"https:\/\/iicsantiago.esteri.it\/es\/wp-json\/wp\/v2\/media?parent=88"}],"curies":[{"name":"wp","href":"https:\/\/api.w.org\/{rel}","templated":true}]}}