{"id":86,"date":"2023-04-03T20:30:34","date_gmt":"2023-04-03T18:30:34","guid":{"rendered":"https:\/\/iicsantiago.esteri.it\/lingua-e-cultura\/"},"modified":"2023-10-24T15:55:34","modified_gmt":"2023-10-24T13:55:34","slug":"lingua-e-cultura","status":"publish","type":"page","link":"https:\/\/iicsantiago.esteri.it\/es\/lingua-e-cultura\/","title":{"rendered":"Lenguaje y cultura"},"content":{"rendered":"<p>El<strong> Instituto Italiano de Cultura Santiago<\/strong>, Oficina Cultural de la Embajada de Italia en Chile,\u00a0tiene como misi\u00f3n prioritaria<strong> difundir la lengua y la cultura italiana<\/strong>.<\/p>\n<p>Representamos un\u00a0punto de referencia para la colectividad italiana y para la comunidad local que manifiesta curiosidad, inter\u00e9s y apego a Italia y a los matices de su cultura.<br \/>\nSomos <strong>impulsores de iniciativas y actividades de cooperaci\u00f3n cultural y actores en la promoci\u00f3n de la diplomacia cultural<\/strong> y del Sistema Italia. Brindamos informaciones y soporte log\u00edstico a operadores culturales p\u00fablicos y privados, italianos y extranjeros, apoyando y <strong>difundiendo iniciativas y convenios que favorezcan el di\u00e1logo intercultural<\/strong> fundado en principios de democracia y solidaridad internacional.<\/p>\n<p>Organizamos con la Asociaci\u00f3n Cultural Italiana, encargada de la gesti\u00f3n administrativa, <a href=\"https:\/\/iicsantiago.cl\/\"><strong>cursos de italiano online y presenciales para todos los niveles<\/strong><\/a> en los que nuestros estudiantes tienen la oportunidad aprender el italiano de forma eficaz, din\u00e1mica y entretenida gracias a nuestro m\u00e9todo did\u00e1ctico 100% comunicativo y a nuestros<strong> profesores nativos altamente calificados<\/strong>; adem\u00e1s, estudiando con nosotros, pueden descubrir todos los matices de la cultura italiana y acercarse a nuestro extraordinario patrimonio art\u00edstico y creativo gracias a nuestra variada programaci\u00f3n cultural en un ambiente \u00fanico.<\/p>\n<p>No hay mejor lugar para aprender italiano que con nosotros, porque somos todo <strong>\u00ab\u00a1Todo Italia en un solo lugar!\u00bb<\/strong><\/p>\n<p><img loading=\"lazy\" decoding=\"async\" class=\"img-fluid aligncenter wp-image-213 size-full\" src=\"https:\/\/iicsantiago.esteri.it\/wp-content\/uploads\/2023\/10\/IIC-Cursos_00.png\" alt=\"\" width=\"1080\" height=\"1080\" srcset=\"https:\/\/iicsantiago.esteri.it\/wp-content\/uploads\/2023\/10\/IIC-Cursos_00.png 1080w, https:\/\/iicsantiago.esteri.it\/wp-content\/uploads\/2023\/10\/IIC-Cursos_00-300x300.png 300w, https:\/\/iicsantiago.esteri.it\/wp-content\/uploads\/2023\/10\/IIC-Cursos_00-1024x1024.png 1024w, https:\/\/iicsantiago.esteri.it\/wp-content\/uploads\/2023\/10\/IIC-Cursos_00-150x150.png 150w, https:\/\/iicsantiago.esteri.it\/wp-content\/uploads\/2023\/10\/IIC-Cursos_00-768x768.png 768w\" sizes=\"auto, (max-width: 1080px) 100vw, 1080px\" \/><\/p>\n<p>&nbsp;<\/p>\n","protected":false},"excerpt":{"rendered":"El Instituto Italiano de Cultura Santiago, Oficina Cultural de la Embajada de Italia en Chile,\u00a0tiene como misi\u00f3n prioritaria difundir la lengua y la cultura italiana. Representamos un\u00a0punto de referencia para la colectividad italiana y para la comunidad local que manifiesta curiosidad, inter\u00e9s y apego a Italia y a los matices de su cultura. Somos impulsores [&hellip;]","protected":false},"author":1,"featured_media":0,"parent":0,"menu_order":4,"comment_status":"closed","ping_status":"closed","template":"","meta":{"footnotes":""},"class_list":["post-86","page","type-page","status-publish","hentry"],"_links":{"self":[{"href":"https:\/\/iicsantiago.esteri.it\/es\/wp-json\/wp\/v2\/pages\/86","targetHints":{"allow":["GET"]}}],"collection":[{"href":"https:\/\/iicsantiago.esteri.it\/es\/wp-json\/wp\/v2\/pages"}],"about":[{"href":"https:\/\/iicsantiago.esteri.it\/es\/wp-json\/wp\/v2\/types\/page"}],"author":[{"embeddable":true,"href":"https:\/\/iicsantiago.esteri.it\/es\/wp-json\/wp\/v2\/users\/1"}],"replies":[{"embeddable":true,"href":"https:\/\/iicsantiago.esteri.it\/es\/wp-json\/wp\/v2\/comments?post=86"}],"version-history":[{"count":5,"href":"https:\/\/iicsantiago.esteri.it\/es\/wp-json\/wp\/v2\/pages\/86\/revisions"}],"predecessor-version":[{"id":235,"href":"https:\/\/iicsantiago.esteri.it\/es\/wp-json\/wp\/v2\/pages\/86\/revisions\/235"}],"wp:attachment":[{"href":"https:\/\/iicsantiago.esteri.it\/es\/wp-json\/wp\/v2\/media?parent=86"}],"curies":[{"name":"wp","href":"https:\/\/api.w.org\/{rel}","templated":true}]}}