{"id":84,"date":"2023-04-03T20:55:02","date_gmt":"2023-04-03T18:55:02","guid":{"rendered":"https:\/\/iicsantiago.esteri.it\/chi-siamo\/la-sede\/"},"modified":"2023-10-23T17:00:12","modified_gmt":"2023-10-23T15:00:12","slug":"la-sede","status":"publish","type":"page","link":"https:\/\/iicsantiago.esteri.it\/es\/chi-siamo\/la-sede\/","title":{"rendered":"Sede"},"content":{"rendered":"<p><strong>La Instituci\u00f3n<\/strong><\/p>\n<p>El Instituto Italiano de Cultura de Santiago naci\u00f3 por iniciativa de unos pocos amantes de la lengua y la cultura italianas. De hecho, en 1936 se form\u00f3 la organizaci\u00f3n cultural \u00abI nipoti della Lupa\u00bb, que se disolvi\u00f3 en 1940 por motivos b\u00e9licos. Pero terminada la guerra, en 1945, los profesores Carlo Mori -decano de la Facultad de Ingenier\u00eda de la Universidad de Chile- y Davide Grillo, retomaron la iniciativa. M\u00e1s tarde, en 1947, la instituci\u00f3n adopt\u00f3 el nombre de <em>Instituto Chileno-Italiano de Cultura<\/em> con reconocimiento legal local y estatutos propios.<\/p>\n<p>La primera sede de este \u00abInstituto\u00bb estuvo dentro del edificio de la Escuela Italiana Vittorio Montiglio, ubicada entonces en la calle Agustinas 539. Posteriormente la Embajada de Italia en Santiago se hizo cargo de la instituci\u00f3n enviando al primer Director, y el 11 de junio de 1957 se inaugur\u00f3 la nueva sede en calle Hu\u00e9rfanos 1828 (ambas en Santiago Centro). Desde 1986 la sede est\u00e1 en Triana 843.<\/p>\n<p><strong>La Sede<\/strong><\/p>\n<p>La actual sede del Instituto Italiano de Cultura de Santiago, en calle Triana 843 de la comuna de Providencia, es un edificio patrimonial construido en la d\u00e9cada de 1930 con el nacimiento de la \u00abCiudad Jard\u00edn\u00bb, como se llam\u00f3 a esta zona de la capital chilena. En 1972 fue remodelado por el entonces propietario Don Hugo Zepeda Barrios y al a\u00f1o siguiente fue comprado por el Estado Italiano como sede de la Embajada de Italia en Chile.<\/p>\n<p><img loading=\"lazy\" decoding=\"async\" class=\"img-fluid aligncenter wp-image-206 size-full\" src=\"https:\/\/iicsantiago.esteri.it\/wp-content\/uploads\/2023\/10\/IMG_9773.jpg\" alt=\"\" width=\"1920\" height=\"1440\" srcset=\"https:\/\/iicsantiago.esteri.it\/wp-content\/uploads\/2023\/10\/IMG_9773.jpg 1920w, https:\/\/iicsantiago.esteri.it\/wp-content\/uploads\/2023\/10\/IMG_9773-300x225.jpg 300w, https:\/\/iicsantiago.esteri.it\/wp-content\/uploads\/2023\/10\/IMG_9773-1024x768.jpg 1024w, https:\/\/iicsantiago.esteri.it\/wp-content\/uploads\/2023\/10\/IMG_9773-768x576.jpg 768w\" sizes=\"auto, (max-width: 1920px) 100vw, 1920px\" \/><\/p>\n<p>Inmediatamente despu\u00e9s del Golpe del 11 de septiembre 1973, Italia rompi\u00f3 relaciones diplom\u00e1ticas con Chile y el Encargado de Negocios, Piero Di Masi, qued\u00f3 a cargo de la canciller\u00eda diplom\u00e1tica en Triana 843. La actual Embajada en Miguel Claro era en realidad la Residencia del Embajador y durante los primeros a\u00f1os de la dictadura militar alberg\u00f3 a cientos de refugiados que esperaban salir del pa\u00eds.<\/p>\n<p>En 1986, tras la salida de los \u00faltimos refugiados de Miguel Claro, el Encargado de Negocios Francesco Caruso mand\u00f3 reformar la Residencia y construir la actual sede del Consulado. Desde entonces, Triana 843 es la sede del Instituto Italiano de Cultura, incrustado en el Barrio Triana, una realidad patrimonial que promueve una identidad urbana creativa y multicultural. Representa un centro activo de intercambio cultural gracias a su ubicaci\u00f3n estrat\u00e9gica en el contexto de la ciudad, lugar de encuentro de ideas, horizontes y generaciones.<\/p>\n<p><img loading=\"lazy\" decoding=\"async\" class=\"img-fluid aligncenter wp-image-196 size-full\" src=\"https:\/\/iicsantiago.esteri.it\/wp-content\/uploads\/2023\/10\/DSC03523.jpg\" alt=\"\" width=\"1920\" height=\"1279\" srcset=\"https:\/\/iicsantiago.esteri.it\/wp-content\/uploads\/2023\/10\/DSC03523.jpg 1920w, https:\/\/iicsantiago.esteri.it\/wp-content\/uploads\/2023\/10\/DSC03523-300x200.jpg 300w, https:\/\/iicsantiago.esteri.it\/wp-content\/uploads\/2023\/10\/DSC03523-1024x682.jpg 1024w, https:\/\/iicsantiago.esteri.it\/wp-content\/uploads\/2023\/10\/DSC03523-768x512.jpg 768w\" sizes=\"auto, (max-width: 1920px) 100vw, 1920px\" \/><\/p>\n<p>El edificio, ampliado en 2015 con la construcci\u00f3n del Auditorio, consta de tres plantas y un s\u00f3tano, con un total de 858 metros cuadrados. En las plantas baja y primera hay oficinas y seis aulas. En la segunda planta est\u00e1 el auditorio, con capacidad para 150 personas, mientras que la sala de exposiciones se encuentra en la planta baja.<\/p>\n","protected":false},"excerpt":{"rendered":"La Instituci\u00f3n El Instituto Italiano de Cultura de Santiago naci\u00f3 por iniciativa de unos pocos amantes de la lengua y la cultura italianas. De hecho, en 1936 se form\u00f3 la organizaci\u00f3n cultural \u00abI nipoti della Lupa\u00bb, que se disolvi\u00f3 en 1940 por motivos b\u00e9licos. Pero terminada la guerra, en 1945, los profesores Carlo Mori -decano [&hellip;]","protected":false},"author":1,"featured_media":0,"parent":82,"menu_order":2,"comment_status":"closed","ping_status":"closed","template":"","meta":{"footnotes":""},"class_list":["post-84","page","type-page","status-publish","hentry"],"_links":{"self":[{"href":"https:\/\/iicsantiago.esteri.it\/es\/wp-json\/wp\/v2\/pages\/84","targetHints":{"allow":["GET"]}}],"collection":[{"href":"https:\/\/iicsantiago.esteri.it\/es\/wp-json\/wp\/v2\/pages"}],"about":[{"href":"https:\/\/iicsantiago.esteri.it\/es\/wp-json\/wp\/v2\/types\/page"}],"author":[{"embeddable":true,"href":"https:\/\/iicsantiago.esteri.it\/es\/wp-json\/wp\/v2\/users\/1"}],"replies":[{"embeddable":true,"href":"https:\/\/iicsantiago.esteri.it\/es\/wp-json\/wp\/v2\/comments?post=84"}],"version-history":[{"count":5,"href":"https:\/\/iicsantiago.esteri.it\/es\/wp-json\/wp\/v2\/pages\/84\/revisions"}],"predecessor-version":[{"id":207,"href":"https:\/\/iicsantiago.esteri.it\/es\/wp-json\/wp\/v2\/pages\/84\/revisions\/207"}],"up":[{"embeddable":true,"href":"https:\/\/iicsantiago.esteri.it\/es\/wp-json\/wp\/v2\/pages\/82"}],"wp:attachment":[{"href":"https:\/\/iicsantiago.esteri.it\/es\/wp-json\/wp\/v2\/media?parent=84"}],"curies":[{"name":"wp","href":"https:\/\/api.w.org\/{rel}","templated":true}]}}