{"id":83,"date":"2023-04-03T20:54:50","date_gmt":"2023-04-03T18:54:50","guid":{"rendered":"https:\/\/iicsantiago.esteri.it\/chi-siamo\/il-personale\/"},"modified":"2026-04-15T17:34:14","modified_gmt":"2026-04-15T15:34:14","slug":"il-personale","status":"publish","type":"page","link":"https:\/\/iicsantiago.esteri.it\/es\/chi-siamo\/il-personale\/","title":{"rendered":"Personal"},"content":{"rendered":"<p><strong>Directora:<\/strong><br \/>\nCristina DI GIORGIO \/<a href=\"mailto:cristina.digiorgio@esteri.it\">cristina.digiorgio@esteri.it<\/a><\/p>\n<p><strong>Vice Directora:<\/strong><br \/>\nSilvia REGGIANI \/<a href=\"mailto:silvia.reggiani@esteri.it\">silvia.reggiani@esteri.it<\/a><\/p>\n<p><strong>Secretar\u00eda y patrocinios culturales:<\/strong><br \/>\n<a href=\"mailto:iicsantiago@esteri.it\">iicsantiago@esteri.it<\/a><\/p>\n<p><strong>Administraci\u00f3n:<\/strong><br \/>\nRodrigo CALDER\u00d3N<strong> \/\u00a0<\/strong><a href=\"mailto:administracion.iicsantiago@esteri.it\">administracion.iicsantiago@esteri.it<\/a><\/p>\n<p><strong>CILS, DITALS, Becas MAECI:<\/strong><br \/>\nClaudia LAURIA<strong> \/<\/strong>\u00a0<a href=\"mailto:iicsantiago.istruzione@esteri.it\">iicsantiago.istruzione@esteri.it<\/a><\/p>\n<p><strong>Programaci\u00f3n cultural en Arte, M\u00fasica, Espect\u00e1culos en vivo:<\/strong><br \/>\nPaula Mildred BELL PESCE<strong> \/\u00a0<\/strong><a href=\"mailto:italprogram.iicsantiago@esteri.it\">italprogram.iicsantiago@esteri.it<\/a><\/p>\n<p><strong>Programaci\u00f3n cultural en Cine y Literatura:\u00a0<\/strong><br \/>\nSerena OLIVA<strong> \/ <\/strong><a href=\"mailto:serena.oliva@esteri.it\">serena.oliva@esteri.it<\/a><\/p>\n<p><strong>Coordinaci\u00f3n Did\u00e1ctica Cursos de Idioma y Cursos de Cultura:\u00a0<\/strong><br \/>\nGianella VINDIGNI<strong> \/<\/strong><a href=\"mailto:gianella.vindigni@esteri.it\" target=\"_blank\" rel=\"noopener\">gianella.vindigni@esteri.it<\/a><\/p>\n<p><strong>Biblioteca:<\/strong><br \/>\n<a href=\"mailto:iicsantiago.biblioteca@esteri.it\">iicsantiago.biblioteca@esteri.it<\/a><\/p>\n<p><strong>Organizaci\u00f3n interna y Archivo:<\/strong><br \/>\nCarlos REYES<\/p>\n","protected":false},"excerpt":{"rendered":"Directora: Cristina DI GIORGIO \/cristina.digiorgio@esteri.it Vice Directora: Silvia REGGIANI \/silvia.reggiani@esteri.it Secretar\u00eda y patrocinios culturales: iicsantiago@esteri.it Administraci\u00f3n: Rodrigo CALDER\u00d3N \/\u00a0administracion.iicsantiago@esteri.it CILS, DITALS, Becas MAECI: Claudia LAURIA \/\u00a0iicsantiago.istruzione@esteri.it Programaci\u00f3n cultural en Arte, M\u00fasica, Espect\u00e1culos en vivo: Paula Mildred BELL PESCE \/\u00a0italprogram.iicsantiago@esteri.it Programaci\u00f3n cultural en Cine y Literatura:\u00a0 Serena OLIVA \/ serena.oliva@esteri.it Coordinaci\u00f3n Did\u00e1ctica Cursos de Idioma y [&hellip;]","protected":false},"author":1,"featured_media":0,"parent":82,"menu_order":0,"comment_status":"closed","ping_status":"closed","template":"","meta":{"footnotes":""},"class_list":["post-83","page","type-page","status-publish","hentry"],"_links":{"self":[{"href":"https:\/\/iicsantiago.esteri.it\/es\/wp-json\/wp\/v2\/pages\/83","targetHints":{"allow":["GET"]}}],"collection":[{"href":"https:\/\/iicsantiago.esteri.it\/es\/wp-json\/wp\/v2\/pages"}],"about":[{"href":"https:\/\/iicsantiago.esteri.it\/es\/wp-json\/wp\/v2\/types\/page"}],"author":[{"embeddable":true,"href":"https:\/\/iicsantiago.esteri.it\/es\/wp-json\/wp\/v2\/users\/1"}],"replies":[{"embeddable":true,"href":"https:\/\/iicsantiago.esteri.it\/es\/wp-json\/wp\/v2\/comments?post=83"}],"version-history":[{"count":6,"href":"https:\/\/iicsantiago.esteri.it\/es\/wp-json\/wp\/v2\/pages\/83\/revisions"}],"predecessor-version":[{"id":6304,"href":"https:\/\/iicsantiago.esteri.it\/es\/wp-json\/wp\/v2\/pages\/83\/revisions\/6304"}],"up":[{"embeddable":true,"href":"https:\/\/iicsantiago.esteri.it\/es\/wp-json\/wp\/v2\/pages\/82"}],"wp:attachment":[{"href":"https:\/\/iicsantiago.esteri.it\/es\/wp-json\/wp\/v2\/media?parent=83"}],"curies":[{"name":"wp","href":"https:\/\/api.w.org\/{rel}","templated":true}]}}