{"id":3111,"date":"2025-04-07T21:14:01","date_gmt":"2025-04-07T19:14:01","guid":{"rendered":"https:\/\/iicsantiago.esteri.it\/?page_id=3111"},"modified":"2025-04-07T23:30:18","modified_gmt":"2025-04-07T21:30:18","slug":"estudios-universitarios","status":"publish","type":"page","link":"https:\/\/iicsantiago.esteri.it\/es\/lingua-e-cultura\/studiare-in-italia\/estudios-universitarios\/","title":{"rendered":"Estudios Universitarios"},"content":{"rendered":"<p><strong>\u00bfEst\u00e1s considerando la posibilidad de continuar tus estudios en Italia?<\/strong><\/p>\n<p>\u00a1Qu\u00e9 idea fant\u00e1stica!<strong> Cada vez m\u00e1s estudiantes extranjeros eligen Italia<\/strong> para proseguir sus estudios.<\/p>\n<p><img loading=\"lazy\" decoding=\"async\" class=\"aligncenter size-full wp-image-3090 img-fluid\" src=\"https:\/\/iicsantiago.esteri.it\/wp-content\/uploads\/2025\/04\/Study-In-Italy-2025.png\" alt=\"\" width=\"1099\" height=\"621\" srcset=\"https:\/\/iicsantiago.esteri.it\/wp-content\/uploads\/2025\/04\/Study-In-Italy-2025.png 1099w, https:\/\/iicsantiago.esteri.it\/wp-content\/uploads\/2025\/04\/Study-In-Italy-2025-300x170.png 300w, https:\/\/iicsantiago.esteri.it\/wp-content\/uploads\/2025\/04\/Study-In-Italy-2025-1024x579.png 1024w, https:\/\/iicsantiago.esteri.it\/wp-content\/uploads\/2025\/04\/Study-In-Italy-2025-768x434.png 768w\" sizes=\"auto, (max-width: 1099px) 100vw, 1099px\" \/><\/p>\n<p>Estudiar en Italia abre un mundo de oportunidades, no solo gracias a su enorme<strong> patrimonio cultural y paisaj\u00edstico<\/strong>, sino tambi\u00e9n por el <strong>prestigio y la larga tradici\u00f3n<\/strong> de las universidades italianas: en 2025, con <strong>siete de sus universidades entre las 10 mejores<\/strong> en el QS ranking por disciplinas, Italia ocupa el segundo lugar en Europa. Es por eso que creemos que Italia es un destino ideal para la formaci\u00f3n acad\u00e9mica y el desarrollo personal.<br \/>\nSi deseas estudiar en Italia, <strong>tienes la posibilidad de elegir entre m\u00e1s de 150 instituciones acad\u00e9micas<\/strong>, y al menos 30 de estas universidades est\u00e1n entre las 500 mejores del mundo. Su reputaci\u00f3n garantiza que la formaci\u00f3n acad\u00e9mica de los estudiantes sea reconocida internacionalmente.<br \/>\nAdem\u00e1s, las universidades italianas ofrecen planes de estudio, reconocimientos internacionales y matr\u00edculas mayormente accesibles.<\/p>\n<p>Por esta raz\u00f3n, elegir una instituci\u00f3n acad\u00e9mica puede ser complicado, ya que todas las alternativas son excelentes.<\/p>\n<p>Para seleccionar la universidad que m\u00e1s se adapte a tus necesidades, <strong>nuestro consejo<\/strong> es comenzar con una <strong>visi\u00f3n clara<\/strong> del programa de estudios y el tipo de entorno (es muy diferente estudiar en una gran ciudad que optar por un ambiente m\u00e1s \u00edntimo y acogedor).<\/p>\n<p>Aqu\u00ed tienes algunas herramientas para ti:<\/p>\n<h3>UNIVERSITALY<\/h3>\n<p>Coordinado por el Ministerio de Educaci\u00f3n y la Investigaci\u00f3n italiano (MIUR) y el Ministerio de Relaciones Exteriores y Cooperaci\u00f3n Internacional (MAECI), <strong>UNIVERSITALY es una verdadera salvaci\u00f3n informativa<\/strong> <strong>para los estudiantes extranjeros<\/strong>: con motores de b\u00fasqueda e informaci\u00f3n que ayudan a orientar la elecci\u00f3n de la universidad seg\u00fan su ubicaci\u00f3n, oferta acad\u00e9mica, oportunidades, becas, costos, idioma y m\u00e1s, representa una <strong>aut\u00e9ntica br\u00fajula<\/strong> para navegar por las oportunidades de estudio en Italia. <a href=\"https:\/\/www.universitaly.it\/\">Haz clic aqu\u00ed para visitar la p\u00e1gina UNIVERSITALY<\/a>.<\/p>\n<h3>UNI-ITALIA<\/h3>\n<p>Es un proyecto conjunto de los Ministerios de Relaciones Exteriores y Cooperaci\u00f3n Internacional, de Universidad e Investigaci\u00f3n, y del Interior de Italia. Su misi\u00f3n es <strong>promover la educaci\u00f3n superior italiana<\/strong>, <strong>facilitar la movilidad de estudiantes e investigadores<\/strong> extranjeros hacia universidades e instituciones AFAM italianas, y <strong>fomentar la cooperaci\u00f3n acad\u00e9mica<\/strong> entre Italia y otros pa\u00edses.<br \/>\nLa Direcci\u00f3n General de Uni-Italia se encuentra en el Ministerio de Relaciones Exteriores y Cooperaci\u00f3n Internacional; en el extranjero est\u00e1 presente en algunos pa\u00edses, y su red crece d\u00eda a d\u00eda.<\/p>\n<p>Es una plataforma privilegiada para<strong> los estudiantes<\/strong>, donde pueden explorar una <strong>amplia gama de oportunidades<\/strong>, desde programas de pregrado y posgrado hasta cursos especializados en diversas disciplinas. <a href=\"https:\/\/uni-italia.net\/\">Haz clic aqu\u00ed para visitar la p\u00e1gina UNI-ITALIA<\/a>.<\/p>\n","protected":false},"excerpt":{"rendered":"\u00bfEst\u00e1s considerando la posibilidad de continuar tus estudios en Italia? \u00a1Qu\u00e9 idea fant\u00e1stica! Cada vez m\u00e1s estudiantes extranjeros eligen Italia para proseguir sus estudios. Estudiar en Italia abre un mundo de oportunidades, no solo gracias a su enorme patrimonio cultural y paisaj\u00edstico, sino tambi\u00e9n por el prestigio y la larga tradici\u00f3n de las universidades italianas: [&hellip;]","protected":false},"author":3,"featured_media":0,"parent":90,"menu_order":0,"comment_status":"closed","ping_status":"closed","template":"","meta":{"footnotes":""},"class_list":["post-3111","page","type-page","status-publish","hentry"],"_links":{"self":[{"href":"https:\/\/iicsantiago.esteri.it\/es\/wp-json\/wp\/v2\/pages\/3111","targetHints":{"allow":["GET"]}}],"collection":[{"href":"https:\/\/iicsantiago.esteri.it\/es\/wp-json\/wp\/v2\/pages"}],"about":[{"href":"https:\/\/iicsantiago.esteri.it\/es\/wp-json\/wp\/v2\/types\/page"}],"author":[{"embeddable":true,"href":"https:\/\/iicsantiago.esteri.it\/es\/wp-json\/wp\/v2\/users\/3"}],"replies":[{"embeddable":true,"href":"https:\/\/iicsantiago.esteri.it\/es\/wp-json\/wp\/v2\/comments?post=3111"}],"version-history":[{"count":2,"href":"https:\/\/iicsantiago.esteri.it\/es\/wp-json\/wp\/v2\/pages\/3111\/revisions"}],"predecessor-version":[{"id":3116,"href":"https:\/\/iicsantiago.esteri.it\/es\/wp-json\/wp\/v2\/pages\/3111\/revisions\/3116"}],"up":[{"embeddable":true,"href":"https:\/\/iicsantiago.esteri.it\/es\/wp-json\/wp\/v2\/pages\/90"}],"wp:attachment":[{"href":"https:\/\/iicsantiago.esteri.it\/es\/wp-json\/wp\/v2\/media?parent=3111"}],"curies":[{"name":"wp","href":"https:\/\/api.w.org\/{rel}","templated":true}]}}